{"id":291,"date":"2020-02-13T23:29:01","date_gmt":"2020-02-13T23:29:01","guid":{"rendered":"https:\/\/cofortel.firmecreative.com\/salles\/"},"modified":"2025-07-02T17:25:21","modified_gmt":"2025-07-02T17:25:21","slug":"meeting-rooms","status":"publish","type":"page","link":"https:\/\/cofortel.com\/en\/meeting-rooms\/","title":{"rendered":"Groups &#038; Meeting Rooms"},"content":{"rendered":"","protected":false},"excerpt":{"rendered":"","protected":false},"author":1,"featured_media":211,"parent":0,"menu_order":10,"comment_status":"closed","ping_status":"closed","template":"template-meeting.php","meta":{"_acf_changed":false,"footnotes":""},"class_list":["post-291","page","type-page","status-publish","has-post-thumbnail","hentry"],"acf":[],"yoast_head":"<!-- This site is optimized with the Yoast SEO plugin v27.1.1 - https:\/\/yoast.com\/product\/yoast-seo-wordpress\/ -->\n<title>Business Meeting Yooms in Quebec City | Hotel Cofortel<\/title>\n<meta name=\"description\" content=\"Recognized for the quality of its services, the Hotel Cofortel is the ideal choice for your next meetings or your business stays in Quebec city.\" \/>\n<meta name=\"robots\" content=\"index, follow, max-snippet:-1, max-image-preview:large, max-video-preview:-1\" \/>\n<link rel=\"canonical\" href=\"https:\/\/cofortel.com\/en\/meeting-rooms\/\" \/>\n<meta property=\"og:locale\" content=\"en_US\" \/>\n<meta property=\"og:type\" content=\"article\" \/>\n<meta property=\"og:title\" content=\"Business Meeting Yooms in Quebec City | Hotel Cofortel\" \/>\n<meta property=\"og:description\" content=\"Recognized for the quality of its services, the Hotel Cofortel is the ideal choice for your next meetings or your business stays in Quebec city.\" \/>\n<meta property=\"og:url\" content=\"https:\/\/cofortel.com\/en\/meeting-rooms\/\" \/>\n<meta property=\"og:site_name\" content=\"H\u00f4tel Cofortel\" \/>\n<meta property=\"article:modified_time\" content=\"2025-07-02T17:25:21+00:00\" \/>\n<meta property=\"og:image\" content=\"https:\/\/cofortel.com\/wp-content\/uploads\/2020\/02\/0_header_salles.jpg\" \/>\n\t<meta property=\"og:image:width\" content=\"2400\" \/>\n\t<meta property=\"og:image:height\" content=\"1100\" \/>\n\t<meta property=\"og:image:type\" content=\"image\/jpeg\" \/>\n<meta name=\"twitter:card\" content=\"summary_large_image\" \/>\n<meta name=\"twitter:label1\" content=\"Est. reading time\" \/>\n\t<meta name=\"twitter:data1\" content=\"1 minute\" \/>\n<script type=\"application\/ld+json\" class=\"yoast-schema-graph\">{\"@context\":\"https:\/\/schema.org\",\"@graph\":[{\"@type\":\"WebPage\",\"@id\":\"https:\/\/cofortel.com\/en\/meeting-rooms\/\",\"url\":\"https:\/\/cofortel.com\/en\/meeting-rooms\/\",\"name\":\"Business Meeting Yooms in Quebec City | Hotel Cofortel\",\"isPartOf\":{\"@id\":\"https:\/\/cofortel.com\/#website\"},\"primaryImageOfPage\":{\"@id\":\"https:\/\/cofortel.com\/en\/meeting-rooms\/#primaryimage\"},\"image\":{\"@id\":\"https:\/\/cofortel.com\/en\/meeting-rooms\/#primaryimage\"},\"thumbnailUrl\":\"https:\/\/cofortel.com\/wp-content\/uploads\/2020\/02\/0_header_salles.jpg\",\"datePublished\":\"2020-02-13T23:29:01+00:00\",\"dateModified\":\"2025-07-02T17:25:21+00:00\",\"description\":\"Recognized for the quality of its services, the Hotel Cofortel is the ideal choice for your next meetings or your business stays in Quebec city.\",\"breadcrumb\":{\"@id\":\"https:\/\/cofortel.com\/en\/meeting-rooms\/#breadcrumb\"},\"inLanguage\":\"en-US\",\"potentialAction\":[{\"@type\":\"ReadAction\",\"target\":[\"https:\/\/cofortel.com\/en\/meeting-rooms\/\"]}]},{\"@type\":\"ImageObject\",\"inLanguage\":\"en-US\",\"@id\":\"https:\/\/cofortel.com\/en\/meeting-rooms\/#primaryimage\",\"url\":\"https:\/\/cofortel.com\/wp-content\/uploads\/2020\/02\/0_header_salles.jpg\",\"contentUrl\":\"https:\/\/cofortel.com\/wp-content\/uploads\/2020\/02\/0_header_salles.jpg\",\"width\":2400,\"height\":1100},{\"@type\":\"BreadcrumbList\",\"@id\":\"https:\/\/cofortel.com\/en\/meeting-rooms\/#breadcrumb\",\"itemListElement\":[{\"@type\":\"ListItem\",\"position\":1,\"name\":\"Accueil\",\"item\":\"https:\/\/cofortel.com\/en\/\"},{\"@type\":\"ListItem\",\"position\":2,\"name\":\"Groups &#038; Meeting Rooms\"}]},{\"@type\":\"WebSite\",\"@id\":\"https:\/\/cofortel.com\/#website\",\"url\":\"https:\/\/cofortel.com\/\",\"name\":\"H\u00f4tel Cofortel\",\"description\":\"Ville de Qu\u00e9bec - Proche a\u00e9roport Jean-Lesage\",\"potentialAction\":[{\"@type\":\"SearchAction\",\"target\":{\"@type\":\"EntryPoint\",\"urlTemplate\":\"https:\/\/cofortel.com\/?s={search_term_string}\"},\"query-input\":{\"@type\":\"PropertyValueSpecification\",\"valueRequired\":true,\"valueName\":\"search_term_string\"}}],\"inLanguage\":\"en-US\"}]}<\/script>\n<!-- \/ Yoast SEO plugin. -->","yoast_head_json":{"title":"Business Meeting Yooms in Quebec City | Hotel Cofortel","description":"Recognized for the quality of its services, the Hotel Cofortel is the ideal choice for your next meetings or your business stays in Quebec city.","robots":{"index":"index","follow":"follow","max-snippet":"max-snippet:-1","max-image-preview":"max-image-preview:large","max-video-preview":"max-video-preview:-1"},"canonical":"https:\/\/cofortel.com\/en\/meeting-rooms\/","og_locale":"en_US","og_type":"article","og_title":"Business Meeting Yooms in Quebec City | Hotel Cofortel","og_description":"Recognized for the quality of its services, the Hotel Cofortel is the ideal choice for your next meetings or your business stays in Quebec city.","og_url":"https:\/\/cofortel.com\/en\/meeting-rooms\/","og_site_name":"H\u00f4tel Cofortel","article_modified_time":"2025-07-02T17:25:21+00:00","og_image":[{"width":2400,"height":1100,"url":"https:\/\/cofortel.com\/wp-content\/uploads\/2020\/02\/0_header_salles.jpg","type":"image\/jpeg"}],"twitter_card":"summary_large_image","twitter_misc":{"Est. reading time":"1 minute"},"schema":{"@context":"https:\/\/schema.org","@graph":[{"@type":"WebPage","@id":"https:\/\/cofortel.com\/en\/meeting-rooms\/","url":"https:\/\/cofortel.com\/en\/meeting-rooms\/","name":"Business Meeting Yooms in Quebec City | Hotel Cofortel","isPartOf":{"@id":"https:\/\/cofortel.com\/#website"},"primaryImageOfPage":{"@id":"https:\/\/cofortel.com\/en\/meeting-rooms\/#primaryimage"},"image":{"@id":"https:\/\/cofortel.com\/en\/meeting-rooms\/#primaryimage"},"thumbnailUrl":"https:\/\/cofortel.com\/wp-content\/uploads\/2020\/02\/0_header_salles.jpg","datePublished":"2020-02-13T23:29:01+00:00","dateModified":"2025-07-02T17:25:21+00:00","description":"Recognized for the quality of its services, the Hotel Cofortel is the ideal choice for your next meetings or your business stays in Quebec city.","breadcrumb":{"@id":"https:\/\/cofortel.com\/en\/meeting-rooms\/#breadcrumb"},"inLanguage":"en-US","potentialAction":[{"@type":"ReadAction","target":["https:\/\/cofortel.com\/en\/meeting-rooms\/"]}]},{"@type":"ImageObject","inLanguage":"en-US","@id":"https:\/\/cofortel.com\/en\/meeting-rooms\/#primaryimage","url":"https:\/\/cofortel.com\/wp-content\/uploads\/2020\/02\/0_header_salles.jpg","contentUrl":"https:\/\/cofortel.com\/wp-content\/uploads\/2020\/02\/0_header_salles.jpg","width":2400,"height":1100},{"@type":"BreadcrumbList","@id":"https:\/\/cofortel.com\/en\/meeting-rooms\/#breadcrumb","itemListElement":[{"@type":"ListItem","position":1,"name":"Accueil","item":"https:\/\/cofortel.com\/en\/"},{"@type":"ListItem","position":2,"name":"Groups &#038; Meeting Rooms"}]},{"@type":"WebSite","@id":"https:\/\/cofortel.com\/#website","url":"https:\/\/cofortel.com\/","name":"H\u00f4tel Cofortel","description":"Ville de Qu\u00e9bec - Proche a\u00e9roport Jean-Lesage","potentialAction":[{"@type":"SearchAction","target":{"@type":"EntryPoint","urlTemplate":"https:\/\/cofortel.com\/?s={search_term_string}"},"query-input":{"@type":"PropertyValueSpecification","valueRequired":true,"valueName":"search_term_string"}}],"inLanguage":"en-US"}]}},"_links":{"self":[{"href":"https:\/\/cofortel.com\/en\/wp-json\/wp\/v2\/pages\/291","targetHints":{"allow":["GET"]}}],"collection":[{"href":"https:\/\/cofortel.com\/en\/wp-json\/wp\/v2\/pages"}],"about":[{"href":"https:\/\/cofortel.com\/en\/wp-json\/wp\/v2\/types\/page"}],"author":[{"embeddable":true,"href":"https:\/\/cofortel.com\/en\/wp-json\/wp\/v2\/users\/1"}],"replies":[{"embeddable":true,"href":"https:\/\/cofortel.com\/en\/wp-json\/wp\/v2\/comments?post=291"}],"version-history":[{"count":1,"href":"https:\/\/cofortel.com\/en\/wp-json\/wp\/v2\/pages\/291\/revisions"}],"predecessor-version":[{"id":1530,"href":"https:\/\/cofortel.com\/en\/wp-json\/wp\/v2\/pages\/291\/revisions\/1530"}],"wp:featuredmedia":[{"embeddable":true,"href":"https:\/\/cofortel.com\/en\/wp-json\/wp\/v2\/media\/211"}],"wp:attachment":[{"href":"https:\/\/cofortel.com\/en\/wp-json\/wp\/v2\/media?parent=291"}],"curies":[{"name":"wp","href":"https:\/\/api.w.org\/{rel}","templated":true}]}}