{"id":299,"date":"2019-12-10T15:28:05","date_gmt":"2019-12-10T15:28:05","guid":{"rendered":"https:\/\/cofortel.firmecreative.com\/politiques\/"},"modified":"2025-05-13T18:11:25","modified_gmt":"2025-05-13T18:11:25","slug":"privacy","status":"publish","type":"page","link":"https:\/\/cofortel.com\/en\/privacy\/","title":{"rendered":"Policies and Privacy"},"content":{"rendered":"\n<div style=\"height:100px\" aria-hidden=\"true\" class=\"wp-block-spacer\"><\/div>\n\n\n\n<h2 class=\"wp-block-heading\">Privacy Policy<\/h2>\n\n\n\n<p>The Cofortel Hotel understands the importance of protecting our customers\u2019 personal information and is committed to respecting your right to privacy and protecting your personal information. We certify that your personal information, such as name, address, e-mail and phone number will never be sold or transmitted in any way. This information will only be used to support our relationship with you and to complete transactions.<\/p>\n\n\n\n<p>In order to prevent theft, disclosure or unauthorized use of your personal information, the Cofortel Hotel has put in place highly effective protection and security measures, in accordance with hotel industry standards and practices. Your transactions through our website are always carried out securely.<\/p>\n\n\n\n<p>When making a booking, you implicitly authorize the Cofortel Hotel to add your email to its monthly newsletter list. At any time, you can choose to stop receiving our communications by clicking on \u2018unsubscribe\u2019 at the bottom of the email you received previously.<\/p>\n\n\n\n<div style=\"height:100px\" aria-hidden=\"true\" class=\"wp-block-spacer\"><\/div>\n\n\n\n<h2 class=\"wp-block-heading\">Best Rate Guaranteed Policy<\/h2>\n\n\n\n<p>You will always receive the best rate available when you book directly on our website or by phone.<\/p>\n\n\n\n<p>If you find a lower rate for the same room on the website of an online travel agency within 24 hours of making your booking, we promise to match it.<\/p>\n\n\n\n<p>Booking directly with us ensures peace of mind that you have obtained the best price!<\/p>\n\n\n\n<div style=\"height:100px\" aria-hidden=\"true\" class=\"wp-block-spacer\"><\/div>\n\n\n\n<h2 class=\"wp-block-heading\">Conditions \u2013 Gift Cards<\/h2>\n\n\n\n<p>Printed gift cards must be presented to the Hotel upon arrival. The Cofortel Hotel is not responsible for lost or stolen gift cards.<\/p>\n\n\n\n<div style=\"height:100px\" aria-hidden=\"true\" class=\"wp-block-spacer\"><\/div>\n\n\n\n<h2 class=\"wp-block-heading\">Cancellation Policies and Deposit<\/h2>\n\n\n\n<p>In the event of cancellation or of no-show, the costs of the first night, plus applicable taxes, will be charged to the credit card used at the time of booking.<\/p>\n\n\n\n<div style=\"height:100px\" aria-hidden=\"true\" class=\"wp-block-spacer\"><\/div>\n\n\n\n<h2 class=\"wp-block-heading\">General Policies<\/h2>\n\n\n\n<p>A valid credit card number is required to guarantee your booking at the Cofortel Hotel. All bookings made with an invalid credit card number will be cancelled at 4 PM.<\/p>\n\n\n\n<p>For the comfort and well-being of all its guests, the Cofortel Hotel offers a completely smoke-free environment and does not accept pets. In case of non-compliance with this Policy, cleaning fees will be charged.<\/p>\n\n\n\n<p>Children of 12 years old and under accompanied by at least one (1) adult are welcome free of charge at the Cofortel Hotel.<\/p>\n\n\n\n<p>No commercial activity is allowed in the rooms<\/p>\n\n\n\n<div style=\"height:100px\" aria-hidden=\"true\" class=\"wp-block-spacer\"><\/div>\n\n\n\n<h2 class=\"wp-block-heading\">Arrivals and Departures<\/h2>\n\n\n\n<p>Check-in can be done starting from 4 PM on the day of arrival. At the end of your stay, check-out must be done no later than 12 PM (noon). Any request for a late departure must be done the morning of your departure and approved by a Cofortel Hotel staff member. Extra fees can apply.<\/p>\n","protected":false},"excerpt":{"rendered":"<p>Privacy Policy The Cofortel Hotel understands the importance of protecting our customers\u2019 personal information and is committed to respecting your right to privacy and protecting your personal information. We certify that your personal information, such as name, address, e-mail and phone number will never be sold or transmitted in any way. This information will only [&hellip;]<\/p>\n","protected":false},"author":1,"featured_media":0,"parent":0,"menu_order":9,"comment_status":"closed","ping_status":"open","template":"","meta":{"_acf_changed":false,"footnotes":""},"class_list":["post-299","page","type-page","status-publish","hentry"],"acf":[],"yoast_head":"<!-- This site is optimized with the Yoast SEO plugin v27.1.1 - https:\/\/yoast.com\/product\/yoast-seo-wordpress\/ -->\n<title>Policies and Privacy - H\u00f4tel Cofortel<\/title>\n<meta name=\"robots\" content=\"index, follow, max-snippet:-1, max-image-preview:large, max-video-preview:-1\" \/>\n<link rel=\"canonical\" href=\"https:\/\/cofortel.com\/en\/privacy\/\" \/>\n<meta property=\"og:locale\" content=\"en_US\" \/>\n<meta property=\"og:type\" content=\"article\" \/>\n<meta property=\"og:title\" content=\"Policies and Privacy - H\u00f4tel Cofortel\" \/>\n<meta property=\"og:description\" content=\"Privacy Policy The Cofortel Hotel understands the importance of protecting our customers\u2019 personal information and is committed to respecting your right to privacy and protecting your personal information. We certify that your personal information, such as name, address, e-mail and phone number will never be sold or transmitted in any way. This information will only [&hellip;]\" \/>\n<meta property=\"og:url\" content=\"https:\/\/cofortel.com\/en\/privacy\/\" \/>\n<meta property=\"og:site_name\" content=\"H\u00f4tel Cofortel\" \/>\n<meta property=\"article:modified_time\" content=\"2025-05-13T18:11:25+00:00\" \/>\n<meta property=\"og:image\" content=\"https:\/\/cofortel.com\/wp-content\/uploads\/2020\/03\/cofortel_facebook.jpg\" \/>\n\t<meta property=\"og:image:width\" content=\"1200\" \/>\n\t<meta property=\"og:image:height\" content=\"630\" \/>\n\t<meta property=\"og:image:type\" content=\"image\/jpeg\" \/>\n<meta name=\"twitter:card\" content=\"summary_large_image\" \/>\n<meta name=\"twitter:label1\" content=\"Est. reading time\" \/>\n\t<meta name=\"twitter:data1\" content=\"3 minutes\" \/>\n<script type=\"application\/ld+json\" class=\"yoast-schema-graph\">{\"@context\":\"https:\/\/schema.org\",\"@graph\":[{\"@type\":\"WebPage\",\"@id\":\"https:\/\/cofortel.com\/en\/privacy\/\",\"url\":\"https:\/\/cofortel.com\/en\/privacy\/\",\"name\":\"Policies and Privacy - H\u00f4tel Cofortel\",\"isPartOf\":{\"@id\":\"https:\/\/cofortel.com\/#website\"},\"datePublished\":\"2019-12-10T15:28:05+00:00\",\"dateModified\":\"2025-05-13T18:11:25+00:00\",\"breadcrumb\":{\"@id\":\"https:\/\/cofortel.com\/en\/privacy\/#breadcrumb\"},\"inLanguage\":\"en-US\",\"potentialAction\":[{\"@type\":\"ReadAction\",\"target\":[\"https:\/\/cofortel.com\/en\/privacy\/\"]}]},{\"@type\":\"BreadcrumbList\",\"@id\":\"https:\/\/cofortel.com\/en\/privacy\/#breadcrumb\",\"itemListElement\":[{\"@type\":\"ListItem\",\"position\":1,\"name\":\"Accueil\",\"item\":\"https:\/\/cofortel.com\/en\/\"},{\"@type\":\"ListItem\",\"position\":2,\"name\":\"Policies and Privacy\"}]},{\"@type\":\"WebSite\",\"@id\":\"https:\/\/cofortel.com\/#website\",\"url\":\"https:\/\/cofortel.com\/\",\"name\":\"H\u00f4tel Cofortel\",\"description\":\"Ville de Qu\u00e9bec - Proche a\u00e9roport Jean-Lesage\",\"potentialAction\":[{\"@type\":\"SearchAction\",\"target\":{\"@type\":\"EntryPoint\",\"urlTemplate\":\"https:\/\/cofortel.com\/?s={search_term_string}\"},\"query-input\":{\"@type\":\"PropertyValueSpecification\",\"valueRequired\":true,\"valueName\":\"search_term_string\"}}],\"inLanguage\":\"en-US\"}]}<\/script>\n<!-- \/ Yoast SEO plugin. -->","yoast_head_json":{"title":"Policies and Privacy - H\u00f4tel Cofortel","robots":{"index":"index","follow":"follow","max-snippet":"max-snippet:-1","max-image-preview":"max-image-preview:large","max-video-preview":"max-video-preview:-1"},"canonical":"https:\/\/cofortel.com\/en\/privacy\/","og_locale":"en_US","og_type":"article","og_title":"Policies and Privacy - H\u00f4tel Cofortel","og_description":"Privacy Policy The Cofortel Hotel understands the importance of protecting our customers\u2019 personal information and is committed to respecting your right to privacy and protecting your personal information. We certify that your personal information, such as name, address, e-mail and phone number will never be sold or transmitted in any way. This information will only [&hellip;]","og_url":"https:\/\/cofortel.com\/en\/privacy\/","og_site_name":"H\u00f4tel Cofortel","article_modified_time":"2025-05-13T18:11:25+00:00","og_image":[{"width":1200,"height":630,"url":"https:\/\/cofortel.com\/wp-content\/uploads\/2020\/03\/cofortel_facebook.jpg","type":"image\/jpeg"}],"twitter_card":"summary_large_image","twitter_misc":{"Est. reading time":"3 minutes"},"schema":{"@context":"https:\/\/schema.org","@graph":[{"@type":"WebPage","@id":"https:\/\/cofortel.com\/en\/privacy\/","url":"https:\/\/cofortel.com\/en\/privacy\/","name":"Policies and Privacy - H\u00f4tel Cofortel","isPartOf":{"@id":"https:\/\/cofortel.com\/#website"},"datePublished":"2019-12-10T15:28:05+00:00","dateModified":"2025-05-13T18:11:25+00:00","breadcrumb":{"@id":"https:\/\/cofortel.com\/en\/privacy\/#breadcrumb"},"inLanguage":"en-US","potentialAction":[{"@type":"ReadAction","target":["https:\/\/cofortel.com\/en\/privacy\/"]}]},{"@type":"BreadcrumbList","@id":"https:\/\/cofortel.com\/en\/privacy\/#breadcrumb","itemListElement":[{"@type":"ListItem","position":1,"name":"Accueil","item":"https:\/\/cofortel.com\/en\/"},{"@type":"ListItem","position":2,"name":"Policies and Privacy"}]},{"@type":"WebSite","@id":"https:\/\/cofortel.com\/#website","url":"https:\/\/cofortel.com\/","name":"H\u00f4tel Cofortel","description":"Ville de Qu\u00e9bec - Proche a\u00e9roport Jean-Lesage","potentialAction":[{"@type":"SearchAction","target":{"@type":"EntryPoint","urlTemplate":"https:\/\/cofortel.com\/?s={search_term_string}"},"query-input":{"@type":"PropertyValueSpecification","valueRequired":true,"valueName":"search_term_string"}}],"inLanguage":"en-US"}]}},"_links":{"self":[{"href":"https:\/\/cofortel.com\/en\/wp-json\/wp\/v2\/pages\/299","targetHints":{"allow":["GET"]}}],"collection":[{"href":"https:\/\/cofortel.com\/en\/wp-json\/wp\/v2\/pages"}],"about":[{"href":"https:\/\/cofortel.com\/en\/wp-json\/wp\/v2\/types\/page"}],"author":[{"embeddable":true,"href":"https:\/\/cofortel.com\/en\/wp-json\/wp\/v2\/users\/1"}],"replies":[{"embeddable":true,"href":"https:\/\/cofortel.com\/en\/wp-json\/wp\/v2\/comments?post=299"}],"version-history":[{"count":2,"href":"https:\/\/cofortel.com\/en\/wp-json\/wp\/v2\/pages\/299\/revisions"}],"predecessor-version":[{"id":1656,"href":"https:\/\/cofortel.com\/en\/wp-json\/wp\/v2\/pages\/299\/revisions\/1656"}],"wp:attachment":[{"href":"https:\/\/cofortel.com\/en\/wp-json\/wp\/v2\/media?parent=299"}],"curies":[{"name":"wp","href":"https:\/\/api.w.org\/{rel}","templated":true}]}}